{"id":17286,"date":"2019-01-04T16:03:25","date_gmt":"2019-01-04T14:03:25","guid":{"rendered":"http:\/\/meremuuseum.ee\/paksmargareeta\/?page_id=17286"},"modified":"2026-01-12T14:09:54","modified_gmt":"2026-01-12T12:09:54","slug":"ekskursioonid","status":"publish","type":"page","link":"https:\/\/meremuuseum-test.krabu.tech\/paksmargareeta\/ajaloo-ja-merehuvilisele\/ekskursioonid\/","title":{"rendered":"Ekskursioonid"},"content":{"rendered":"<p>&nbsp;<\/p>\n<ul>\n<li><strong><span lang=\"et-EE\">P\u00f5hiekskursioon &#8220;Paks Margareeta&#8221; 60 minutit<\/span><\/strong><\/li>\n<\/ul>\n<p>R\u00e4\u00e4gime t\u00f5estis\u00fcndinud ja muidu v\u00e4rvikaid lugusid Paksust Margareetast, mis teevad muuseumik\u00fclastuse veelgi sisukamaks.<\/p>\n<ul>\n<li><strong>Eriekskursioon &#8220;Koge&#8221; 60 minutit<\/strong><\/li>\n<\/ul>\n<p>Oma aja tunnistajaks, muuseumi t\u00e4hteksponaadiks, on ligi 20 meetrit pikk koge vrakk. Selle ekskursiooni k\u00e4igus r\u00e4\u00e4gimegi l\u00e4hemalt kogest, tema ehitusest, leidmisest ja kaasnenud leidudest.<\/p>\n<p>&nbsp;<\/p>\n<p>Ekskursioonigrupi suuruseks soovitame kuni 15 inimest, et k\u00f5igil oleks v\u00f5imalik lugusid h\u00e4sti kuulda ja soovi korral vestluses kaasa l\u00fc\u00fca. Kui grupp on suurem, jagame selle mitmesse v\u00e4iksemasse.<\/p>\n<p>Grupis 15 inimest<br \/>\nKeeled: EST \/ RUS \/ FIN \/ ENG \/ GER<\/p>\n<p>Hind: 45 \u20ac eesti keeles \/ 55 \u20ac v\u00f5\u00f5rkeeles.<br \/>\nLisandub muuseumipileti maksumus. Kuni 8-aastased lapsed tasuta.<\/p>\n<p>Ekskursioonid on ainult ettetellimisega.<\/p>\n<p>Lisainfoks kirjutage <a href=\"http:\/\/booking@meremuuseum-test.krabu.tech\/\">booking@meremuuseum-test.krabu.tech<\/a> v\u00f5i helistage 6200 550 (E\u2013R kl 9\u201317)<\/p>\n<p><a href=\"https:\/\/meremuuseum-test.krabu.tech\/paksmargareeta\/ekskursiooni-broneerimine\/\">SAATKE P\u00c4RING SIIT<\/a><\/p>\n<ul>\n<li><strong>Seenioritele tasuta ekskursioonid kolmap\u00e4eviti\u00a0<\/strong><\/li>\n<\/ul>\n<p>Eesti pension\u00e4ridele kehtib -50% soodustus t\u00e4ispileti ja Eesti Meremuuseumi \u00fchispileti hinnast. Soodustuse saamiseks tuleb esitada kehtiv pensionit\u00f5end. Sobib nii digitaalne (ID-kaardi p\u00f5hine) kui ka paberkandjal dokument. Soodustus kehtib vaid Eestis pensioni saavatele isikutele. Kolmap\u00e4eviti on muuseumipileti hinnas ka seenioride eriekskursioonid.<\/p>\n<h3><span style=\"font-size: 16px\">Seenioride kolmap\u00e4eva avatud ekskursioonid algavad\u00a0Paksus Margareetas kell 14.00 ja 16.00<\/span><\/h3>\n<p>&nbsp;<\/p>\n<ul>\n<li><strong>Audiotuur<\/strong><\/li>\n<\/ul>\n<p>Audiotuur on p\u00f5nev teekond koos Kapteni ja Kotermanniga l\u00e4bi kogu Paksu Margareeta ekspositsiooni. Nad jutustavad lugusid m\u00e4rgilistest laevadest, tutvustavad koge ja avardavad silmaringi, millised on olnud traditsioonid v\u00f5i muutused erinevate ajastute laevadel. Kui tekib k\u00fcsimus, kes see Kotermann \u00f5ieti on, siis kuula, sa teada ja m\u00f5tle, kas oled temaga laeva peal kohtunud.<\/p>\n<p>Kaptenit ja Kotermanni m\u00e4ngivad ja h\u00e4\u00e4le on andnud:<\/p>\n<p>eesti keeles Margus Tabor<\/p>\n<p>vene keeles Nikolai Bentsler<\/p>\n<p>soome keeles Jan Uusp\u00f5ld<\/p>\n<p>inglise keeles Sergo Vares<\/p>\n<p>l\u00e4ti keeles Gundars \u0100boli\u0146\u0161<\/p>\n<p>saksa keeles Toomas T\u00e4ht<\/p>\n<p>Lisaks veel hispaania, hiina, prantsuse ja jaapani keeles.<\/p>\n<p>Stsenaariumi on loonud Katrin Tegova ja Paksu Margareeta kuraatorid.<\/p>\n<p>Audiotuur lood kestavad kokku u 45 minutit.<\/p>\n<p>Audiotuuri hind: 5 EUR\/seade<\/p>\n<p>K\u00f5ik teekonnal saatvad sisulood ja juhendamised tulevad otse k\u00f5rvaklappidest. \u00dchte audiogiidi saab korraga kasutada kuni kaks inimest, \u00fchendades kuni kaks paari k\u00f5rvaklappe. Audiogiidi saab kasutada ka enda k\u00f5rvaklappidega.<\/p>\n","protected":false},"excerpt":{"rendered":"&nbsp; P\u00f5hiekskursioon &#8220;Paks Margareeta&#8221; 60 minutit R\u00e4\u00e4gime t\u00f5estis\u00fcndinud ja muidu v\u00e4rvikaid lugusid Paksust Margareetast, mis teevad muuseumik\u00fclastuse veelgi sisukamaks. Eriekskursioon &#8220;Koge&#8221; 60 minutit Oma aja tunnistajaks, muuseumi t\u00e4hteksponaadiks, on ligi&#8230;","protected":false},"author":2,"featured_media":0,"parent":17072,"menu_order":4,"comment_status":"closed","ping_status":"closed","template":"","meta":{"_acf_changed":false,"advgb_blocks_editor_width":"","advgb_blocks_columns_visual_guide":"","footnotes":""},"class_list":["post-17286","page","type-page","status-publish","hentry"],"acf":[],"coauthors":[],"author_meta":{"author_link":"https:\/\/meremuuseum-test.krabu.tech\/paksmargareeta\/blog\/author\/reaktiiv-pm\/","display_name":"Reaktiiv Grupp"},"relative_dates":{"created":"Posted 7 aastat ago","modified":"Updated 4 kuud ago"},"absolute_dates":{"created":"Posted on 4. jaan. 2019","modified":"Updated on 12. jaan. 2026"},"absolute_dates_time":{"created":"Posted on 4. jaan. 2019 16:03","modified":"Updated on 12. jaan. 2026 14:09"},"featured_img_caption":"","featured_img":false,"series_order":"","_links":{"self":[{"href":"https:\/\/meremuuseum-test.krabu.tech\/paksmargareeta\/wp-json\/wp\/v2\/pages\/17286","targetHints":{"allow":["GET"]}}],"collection":[{"href":"https:\/\/meremuuseum-test.krabu.tech\/paksmargareeta\/wp-json\/wp\/v2\/pages"}],"about":[{"href":"https:\/\/meremuuseum-test.krabu.tech\/paksmargareeta\/wp-json\/wp\/v2\/types\/page"}],"author":[{"embeddable":true,"href":"https:\/\/meremuuseum-test.krabu.tech\/paksmargareeta\/wp-json\/wp\/v2\/users\/2"}],"replies":[{"embeddable":true,"href":"https:\/\/meremuuseum-test.krabu.tech\/paksmargareeta\/wp-json\/wp\/v2\/comments?post=17286"}],"version-history":[{"count":24,"href":"https:\/\/meremuuseum-test.krabu.tech\/paksmargareeta\/wp-json\/wp\/v2\/pages\/17286\/revisions"}],"predecessor-version":[{"id":23568,"href":"https:\/\/meremuuseum-test.krabu.tech\/paksmargareeta\/wp-json\/wp\/v2\/pages\/17286\/revisions\/23568"}],"up":[{"embeddable":true,"href":"https:\/\/meremuuseum-test.krabu.tech\/paksmargareeta\/wp-json\/wp\/v2\/pages\/17072"}],"wp:attachment":[{"href":"https:\/\/meremuuseum-test.krabu.tech\/paksmargareeta\/wp-json\/wp\/v2\/media?parent=17286"}],"curies":[{"name":"wp","href":"https:\/\/api.w.org\/{rel}","templated":true}]}}