{"id":4285,"date":"2023-09-25T11:23:34","date_gmt":"2023-09-25T11:23:34","guid":{"rendered":"https:\/\/meremuuseum2.rktv.ee\/lennusadam\/muuseum\/jaamurdja-suur-toll\/"},"modified":"2024-04-10T21:57:26","modified_gmt":"2024-04-10T21:57:26","slug":"jaamurdja-suur-toll","status":"publish","type":"page","link":"https:\/\/meremuuseum-test.krabu.tech\/lennusadam\/fi\/muuseum\/jaamurdja-suur-toll\/","title":{"rendered":"H\u00f6yryj\u00e4\u00e4nmurtaja Suur T\u00f5ll"},"content":{"rendered":"<div class=\"wp-block-image\">\n<figure class=\"alignright\"><img decoding=\"async\" src=\"https:\/\/meremuuseum-test.krabu.tech\/lennusadam\/wp-content\/uploads\/sites\/4\/2015\/07\/ST_ajatu_logo_web-480x480.png\" alt=\"\" class=\"wp-image-2178\"\/><\/figure>\n<\/div>\n\n\n<p><br>H\u00f6yryj\u00e4\u00e4nmurtaja Suur T\u00f5ll seisoo Lentosataman laiturissa. T\u00e4m\u00e4 Viron vanhin ja arvokkain museolaiva on yksi kolmesta It\u00e4meren alueella s\u00e4ilyneest\u00e4 1900-luvun alun h\u00f6yryj\u00e4\u00e4nmurtajasta. Alus rakennettiin vuonna 1914 Saksassa, Vulcan Werke AG:n telakalla ( nyky\u00e4\u00e4n Puola, Szczecin).<\/p>\n\n\n\n<p>Maailman tehokkaimpiin j\u00e4\u00e4nmurtajiin kuulunut h\u00f6yryalus on seilannut sek\u00e4 tsaarinaikaisen Ven\u00e4j\u00e4n, Suomen, Neuvostoliiton ett\u00e4 Viron tasavallan lipun alla ja sen nimin\u00e4 on ollut Tsaari Mihail Feodorovitsh, Vol\u00f5nets, W\u00e4in\u00e4m\u00f6inen ja Suur T\u00f5ll.<\/p>\n\n\n\n<p>J\u00e4\u00e4nmurtajalla on avattu hieno upseerien messi ja kapteenin hytti, miehist\u00f6n hyttej\u00e4, j\u00e4\u00e4nmurtajan historiaa esittelev\u00e4 n\u00e4yttely, kone- ja kattilahuoneet sek\u00e4 paljon muuta aitoa ja mielenkiintoista!<\/p>\n\n\n\n<p>N\u00e4yttely kertoo Suur T\u00f5llin historian niiden lippujen kautta, joiden alla j\u00e4\u00e4nmurtaja aikoinaan purjehti. Aluksessa tapahtunut heijastaa tavallaan Viron valtiota ja sen k\u00e4\u00e4nteentekevi\u00e4 hetki\u00e4 viime vuosisadalla.<\/p>\n\n\n\n<p><a href=\"https:\/\/meremuuseum-test.krabu.tech\/lennusadam\/fi\/aukioloajat\/\">Aukioloajat<\/a>&nbsp;ja <a href=\"https:\/\/meremuuseum-test.krabu.tech\/lennusadam\/fi\/lippujen-hinnat\/\">lippujen hinnat<\/a><\/p>\n\n\n\n<p>Suur T\u00f5ll -j\u00e4\u00e4nmurtajalla voidaan j\u00e4rjest\u00e4\u00e4 my\u00f6s tapahtumia, seminaareja ja muita kokoontumisia!<\/p>\n\n\n\n<p><strong>Lis\u00e4tietoja ja varaukset:<\/strong><br>+372 6 200 550&nbsp;(Ma\u2013Pe 9\u201317)<br><a href=\"mailto:booking@meremuuseum-test.krabu.tech\/meremuuseum-2\">booking@meremuuseum-test.krabu.tech<\/a><\/p>\n\n\n\n<figure class=\"wp-block-gallery has-nested-images columns-3 is-cropped wp-block-gallery-1 is-layout-flex wp-block-gallery-is-layout-flex\">\n<figure class=\"wp-block-image size-large\"><a href=\"https:\/\/meremuuseum-test.krabu.tech\/lennusadam\/wp-content\/uploads\/sites\/4\/2024\/04\/A.-Teiss-Short-184.jpg\"><img loading=\"lazy\" decoding=\"async\" width=\"700\" height=\"467\" data-id=\"4347\" src=\"https:\/\/meremuuseum-test.krabu.tech\/lennusadam\/wp-content\/uploads\/sites\/4\/2024\/04\/A.-Teiss-Short-184-700x467.jpg\" alt=\"\" class=\"wp-image-4347\" srcset=\"https:\/\/meremuuseum-test.krabu.tech\/lennusadam\/wp-content\/uploads\/sites\/4\/2024\/04\/A.-Teiss-Short-184-700x467.jpg 700w, https:\/\/meremuuseum-test.krabu.tech\/lennusadam\/wp-content\/uploads\/sites\/4\/2024\/04\/A.-Teiss-Short-184-250x167.jpg 250w, https:\/\/meremuuseum-test.krabu.tech\/lennusadam\/wp-content\/uploads\/sites\/4\/2024\/04\/A.-Teiss-Short-184-768x512.jpg 768w, https:\/\/meremuuseum-test.krabu.tech\/lennusadam\/wp-content\/uploads\/sites\/4\/2024\/04\/A.-Teiss-Short-184-120x80.jpg 120w, https:\/\/meremuuseum-test.krabu.tech\/lennusadam\/wp-content\/uploads\/sites\/4\/2024\/04\/A.-Teiss-Short-184-480x320.jpg 480w, https:\/\/meremuuseum-test.krabu.tech\/lennusadam\/wp-content\/uploads\/sites\/4\/2024\/04\/A.-Teiss-Short-184.jpg 1024w\" sizes=\"auto, (max-width: 700px) 100vw, 700px\" \/><\/a><\/figure>\n\n\n\n<figure class=\"wp-block-image size-large\"><a href=\"https:\/\/meremuuseum-test.krabu.tech\/lennusadam\/wp-content\/uploads\/sites\/4\/2024\/04\/J-murdja-Suur-T-ll-3-683x1024-1.jpg\"><img loading=\"lazy\" decoding=\"async\" width=\"683\" height=\"1024\" data-id=\"4358\" src=\"https:\/\/meremuuseum-test.krabu.tech\/lennusadam\/wp-content\/uploads\/sites\/4\/2024\/04\/J-murdja-Suur-T-ll-3-683x1024-1.jpg\" alt=\"\" class=\"wp-image-4358\" srcset=\"https:\/\/meremuuseum-test.krabu.tech\/lennusadam\/wp-content\/uploads\/sites\/4\/2024\/04\/J-murdja-Suur-T-ll-3-683x1024-1.jpg 683w, https:\/\/meremuuseum-test.krabu.tech\/lennusadam\/wp-content\/uploads\/sites\/4\/2024\/04\/J-murdja-Suur-T-ll-3-683x1024-1-250x375.jpg 250w, https:\/\/meremuuseum-test.krabu.tech\/lennusadam\/wp-content\/uploads\/sites\/4\/2024\/04\/J-murdja-Suur-T-ll-3-683x1024-1-120x180.jpg 120w, https:\/\/meremuuseum-test.krabu.tech\/lennusadam\/wp-content\/uploads\/sites\/4\/2024\/04\/J-murdja-Suur-T-ll-3-683x1024-1-480x720.jpg 480w\" sizes=\"auto, (max-width: 683px) 100vw, 683px\" \/><\/a><\/figure>\n\n\n\n<figure class=\"wp-block-image size-large\"><a href=\"https:\/\/meremuuseum-test.krabu.tech\/lennusadam\/wp-content\/uploads\/sites\/4\/2024\/04\/J-murdja-Suur-T-ll-4-1024x683-1.jpg\"><img loading=\"lazy\" decoding=\"async\" width=\"700\" height=\"467\" data-id=\"4362\" src=\"https:\/\/meremuuseum-test.krabu.tech\/lennusadam\/wp-content\/uploads\/sites\/4\/2024\/04\/J-murdja-Suur-T-ll-4-1024x683-1-700x467.jpg\" alt=\"\" class=\"wp-image-4362\" srcset=\"https:\/\/meremuuseum-test.krabu.tech\/lennusadam\/wp-content\/uploads\/sites\/4\/2024\/04\/J-murdja-Suur-T-ll-4-1024x683-1-700x467.jpg 700w, https:\/\/meremuuseum-test.krabu.tech\/lennusadam\/wp-content\/uploads\/sites\/4\/2024\/04\/J-murdja-Suur-T-ll-4-1024x683-1-250x167.jpg 250w, https:\/\/meremuuseum-test.krabu.tech\/lennusadam\/wp-content\/uploads\/sites\/4\/2024\/04\/J-murdja-Suur-T-ll-4-1024x683-1-768x512.jpg 768w, https:\/\/meremuuseum-test.krabu.tech\/lennusadam\/wp-content\/uploads\/sites\/4\/2024\/04\/J-murdja-Suur-T-ll-4-1024x683-1-120x80.jpg 120w, https:\/\/meremuuseum-test.krabu.tech\/lennusadam\/wp-content\/uploads\/sites\/4\/2024\/04\/J-murdja-Suur-T-ll-4-1024x683-1-480x320.jpg 480w, https:\/\/meremuuseum-test.krabu.tech\/lennusadam\/wp-content\/uploads\/sites\/4\/2024\/04\/J-murdja-Suur-T-ll-4-1024x683-1.jpg 1024w\" sizes=\"auto, (max-width: 700px) 100vw, 700px\" \/><\/a><\/figure>\n\n\n\n<figure class=\"wp-block-image size-large\"><a href=\"https:\/\/meremuuseum-test.krabu.tech\/lennusadam\/wp-content\/uploads\/sites\/4\/2024\/04\/J-murdja-Suur-T-ll-5-1024x683-1.jpg\"><img loading=\"lazy\" decoding=\"async\" width=\"700\" height=\"467\" data-id=\"4353\" src=\"https:\/\/meremuuseum-test.krabu.tech\/lennusadam\/wp-content\/uploads\/sites\/4\/2024\/04\/J-murdja-Suur-T-ll-5-1024x683-1-700x467.jpg\" alt=\"\" class=\"wp-image-4353\" srcset=\"https:\/\/meremuuseum-test.krabu.tech\/lennusadam\/wp-content\/uploads\/sites\/4\/2024\/04\/J-murdja-Suur-T-ll-5-1024x683-1-700x467.jpg 700w, https:\/\/meremuuseum-test.krabu.tech\/lennusadam\/wp-content\/uploads\/sites\/4\/2024\/04\/J-murdja-Suur-T-ll-5-1024x683-1-250x167.jpg 250w, https:\/\/meremuuseum-test.krabu.tech\/lennusadam\/wp-content\/uploads\/sites\/4\/2024\/04\/J-murdja-Suur-T-ll-5-1024x683-1-768x512.jpg 768w, https:\/\/meremuuseum-test.krabu.tech\/lennusadam\/wp-content\/uploads\/sites\/4\/2024\/04\/J-murdja-Suur-T-ll-5-1024x683-1-120x80.jpg 120w, https:\/\/meremuuseum-test.krabu.tech\/lennusadam\/wp-content\/uploads\/sites\/4\/2024\/04\/J-murdja-Suur-T-ll-5-1024x683-1-480x320.jpg 480w, https:\/\/meremuuseum-test.krabu.tech\/lennusadam\/wp-content\/uploads\/sites\/4\/2024\/04\/J-murdja-Suur-T-ll-5-1024x683-1.jpg 1024w\" sizes=\"auto, (max-width: 700px) 100vw, 700px\" \/><\/a><\/figure>\n\n\n\n<figure class=\"wp-block-image size-large\"><a href=\"https:\/\/meremuuseum-test.krabu.tech\/lennusadam\/wp-content\/uploads\/sites\/4\/2024\/04\/J-murdja-Suur-T-ll-7-1024x683-1.jpg\"><img loading=\"lazy\" decoding=\"async\" width=\"700\" height=\"467\" data-id=\"4355\" src=\"https:\/\/meremuuseum-test.krabu.tech\/lennusadam\/wp-content\/uploads\/sites\/4\/2024\/04\/J-murdja-Suur-T-ll-7-1024x683-1-700x467.jpg\" alt=\"\" class=\"wp-image-4355\" srcset=\"https:\/\/meremuuseum-test.krabu.tech\/lennusadam\/wp-content\/uploads\/sites\/4\/2024\/04\/J-murdja-Suur-T-ll-7-1024x683-1-700x467.jpg 700w, https:\/\/meremuuseum-test.krabu.tech\/lennusadam\/wp-content\/uploads\/sites\/4\/2024\/04\/J-murdja-Suur-T-ll-7-1024x683-1-250x167.jpg 250w, https:\/\/meremuuseum-test.krabu.tech\/lennusadam\/wp-content\/uploads\/sites\/4\/2024\/04\/J-murdja-Suur-T-ll-7-1024x683-1-768x512.jpg 768w, https:\/\/meremuuseum-test.krabu.tech\/lennusadam\/wp-content\/uploads\/sites\/4\/2024\/04\/J-murdja-Suur-T-ll-7-1024x683-1-120x80.jpg 120w, https:\/\/meremuuseum-test.krabu.tech\/lennusadam\/wp-content\/uploads\/sites\/4\/2024\/04\/J-murdja-Suur-T-ll-7-1024x683-1-480x320.jpg 480w, https:\/\/meremuuseum-test.krabu.tech\/lennusadam\/wp-content\/uploads\/sites\/4\/2024\/04\/J-murdja-Suur-T-ll-7-1024x683-1.jpg 1024w\" sizes=\"auto, (max-width: 700px) 100vw, 700px\" \/><\/a><\/figure>\n\n\n\n<figure class=\"wp-block-image size-large\"><a href=\"https:\/\/meremuuseum-test.krabu.tech\/lennusadam\/wp-content\/uploads\/sites\/4\/2024\/04\/J-murdja-Suur-T-ll-11-1024x683-1.jpg\"><img loading=\"lazy\" decoding=\"async\" width=\"700\" height=\"467\" data-id=\"4371\" src=\"https:\/\/meremuuseum-test.krabu.tech\/lennusadam\/wp-content\/uploads\/sites\/4\/2024\/04\/J-murdja-Suur-T-ll-11-1024x683-1-700x467.jpg\" alt=\"\" class=\"wp-image-4371\" srcset=\"https:\/\/meremuuseum-test.krabu.tech\/lennusadam\/wp-content\/uploads\/sites\/4\/2024\/04\/J-murdja-Suur-T-ll-11-1024x683-1-700x467.jpg 700w, https:\/\/meremuuseum-test.krabu.tech\/lennusadam\/wp-content\/uploads\/sites\/4\/2024\/04\/J-murdja-Suur-T-ll-11-1024x683-1-250x167.jpg 250w, https:\/\/meremuuseum-test.krabu.tech\/lennusadam\/wp-content\/uploads\/sites\/4\/2024\/04\/J-murdja-Suur-T-ll-11-1024x683-1-768x512.jpg 768w, https:\/\/meremuuseum-test.krabu.tech\/lennusadam\/wp-content\/uploads\/sites\/4\/2024\/04\/J-murdja-Suur-T-ll-11-1024x683-1-120x80.jpg 120w, https:\/\/meremuuseum-test.krabu.tech\/lennusadam\/wp-content\/uploads\/sites\/4\/2024\/04\/J-murdja-Suur-T-ll-11-1024x683-1-480x320.jpg 480w, https:\/\/meremuuseum-test.krabu.tech\/lennusadam\/wp-content\/uploads\/sites\/4\/2024\/04\/J-murdja-Suur-T-ll-11-1024x683-1.jpg 1024w\" sizes=\"auto, (max-width: 700px) 100vw, 700px\" \/><\/a><\/figure>\n\n\n\n<figure class=\"wp-block-image size-large\"><a href=\"https:\/\/meremuuseum-test.krabu.tech\/lennusadam\/wp-content\/uploads\/sites\/4\/2024\/04\/J-murdja-Suur-T-ll-12-1024x683-1.jpg\"><img loading=\"lazy\" decoding=\"async\" width=\"700\" height=\"467\" data-id=\"4373\" src=\"https:\/\/meremuuseum-test.krabu.tech\/lennusadam\/wp-content\/uploads\/sites\/4\/2024\/04\/J-murdja-Suur-T-ll-12-1024x683-1-700x467.jpg\" alt=\"\" class=\"wp-image-4373\" srcset=\"https:\/\/meremuuseum-test.krabu.tech\/lennusadam\/wp-content\/uploads\/sites\/4\/2024\/04\/J-murdja-Suur-T-ll-12-1024x683-1-700x467.jpg 700w, https:\/\/meremuuseum-test.krabu.tech\/lennusadam\/wp-content\/uploads\/sites\/4\/2024\/04\/J-murdja-Suur-T-ll-12-1024x683-1-250x167.jpg 250w, https:\/\/meremuuseum-test.krabu.tech\/lennusadam\/wp-content\/uploads\/sites\/4\/2024\/04\/J-murdja-Suur-T-ll-12-1024x683-1-768x512.jpg 768w, https:\/\/meremuuseum-test.krabu.tech\/lennusadam\/wp-content\/uploads\/sites\/4\/2024\/04\/J-murdja-Suur-T-ll-12-1024x683-1-120x80.jpg 120w, https:\/\/meremuuseum-test.krabu.tech\/lennusadam\/wp-content\/uploads\/sites\/4\/2024\/04\/J-murdja-Suur-T-ll-12-1024x683-1-480x320.jpg 480w, https:\/\/meremuuseum-test.krabu.tech\/lennusadam\/wp-content\/uploads\/sites\/4\/2024\/04\/J-murdja-Suur-T-ll-12-1024x683-1.jpg 1024w\" sizes=\"auto, (max-width: 700px) 100vw, 700px\" \/><\/a><\/figure>\n\n\n\n<figure class=\"wp-block-image size-large\"><a href=\"https:\/\/meremuuseum-test.krabu.tech\/lennusadam\/wp-content\/uploads\/sites\/4\/2024\/04\/J-murdja-Suur-T-ll-14-1024x486-1.jpg\"><img loading=\"lazy\" decoding=\"async\" width=\"700\" height=\"332\" data-id=\"4365\" src=\"https:\/\/meremuuseum-test.krabu.tech\/lennusadam\/wp-content\/uploads\/sites\/4\/2024\/04\/J-murdja-Suur-T-ll-14-1024x486-1-700x332.jpg\" alt=\"\" class=\"wp-image-4365\" srcset=\"https:\/\/meremuuseum-test.krabu.tech\/lennusadam\/wp-content\/uploads\/sites\/4\/2024\/04\/J-murdja-Suur-T-ll-14-1024x486-1-700x332.jpg 700w, https:\/\/meremuuseum-test.krabu.tech\/lennusadam\/wp-content\/uploads\/sites\/4\/2024\/04\/J-murdja-Suur-T-ll-14-1024x486-1-250x119.jpg 250w, https:\/\/meremuuseum-test.krabu.tech\/lennusadam\/wp-content\/uploads\/sites\/4\/2024\/04\/J-murdja-Suur-T-ll-14-1024x486-1-768x365.jpg 768w, https:\/\/meremuuseum-test.krabu.tech\/lennusadam\/wp-content\/uploads\/sites\/4\/2024\/04\/J-murdja-Suur-T-ll-14-1024x486-1-120x57.jpg 120w, https:\/\/meremuuseum-test.krabu.tech\/lennusadam\/wp-content\/uploads\/sites\/4\/2024\/04\/J-murdja-Suur-T-ll-14-1024x486-1-480x228.jpg 480w, https:\/\/meremuuseum-test.krabu.tech\/lennusadam\/wp-content\/uploads\/sites\/4\/2024\/04\/J-murdja-Suur-T-ll-14-1024x486-1.jpg 1024w\" sizes=\"auto, (max-width: 700px) 100vw, 700px\" \/><\/a><\/figure>\n\n\n\n<figure class=\"wp-block-image size-large\"><a href=\"https:\/\/meremuuseum-test.krabu.tech\/lennusadam\/wp-content\/uploads\/sites\/4\/2024\/04\/J-murdja-Suur-T-ll-15-1024x683-1.jpg\"><img loading=\"lazy\" decoding=\"async\" width=\"700\" height=\"467\" data-id=\"4368\" src=\"https:\/\/meremuuseum-test.krabu.tech\/lennusadam\/wp-content\/uploads\/sites\/4\/2024\/04\/J-murdja-Suur-T-ll-15-1024x683-1-700x467.jpg\" alt=\"\" class=\"wp-image-4368\" srcset=\"https:\/\/meremuuseum-test.krabu.tech\/lennusadam\/wp-content\/uploads\/sites\/4\/2024\/04\/J-murdja-Suur-T-ll-15-1024x683-1-700x467.jpg 700w, https:\/\/meremuuseum-test.krabu.tech\/lennusadam\/wp-content\/uploads\/sites\/4\/2024\/04\/J-murdja-Suur-T-ll-15-1024x683-1-250x167.jpg 250w, https:\/\/meremuuseum-test.krabu.tech\/lennusadam\/wp-content\/uploads\/sites\/4\/2024\/04\/J-murdja-Suur-T-ll-15-1024x683-1-768x512.jpg 768w, https:\/\/meremuuseum-test.krabu.tech\/lennusadam\/wp-content\/uploads\/sites\/4\/2024\/04\/J-murdja-Suur-T-ll-15-1024x683-1-120x80.jpg 120w, https:\/\/meremuuseum-test.krabu.tech\/lennusadam\/wp-content\/uploads\/sites\/4\/2024\/04\/J-murdja-Suur-T-ll-15-1024x683-1-480x320.jpg 480w, https:\/\/meremuuseum-test.krabu.tech\/lennusadam\/wp-content\/uploads\/sites\/4\/2024\/04\/J-murdja-Suur-T-ll-15-1024x683-1.jpg 1024w\" sizes=\"auto, (max-width: 700px) 100vw, 700px\" \/><\/a><\/figure>\n\n\n\n<figure class=\"wp-block-image size-large\"><a href=\"https:\/\/meremuuseum-test.krabu.tech\/lennusadam\/wp-content\/uploads\/sites\/4\/2024\/04\/J-murdja-Suur-T-ll-16-1024x683-1.jpg\"><img loading=\"lazy\" decoding=\"async\" width=\"700\" height=\"467\" data-id=\"4348\" src=\"https:\/\/meremuuseum-test.krabu.tech\/lennusadam\/wp-content\/uploads\/sites\/4\/2024\/04\/J-murdja-Suur-T-ll-16-1024x683-1-700x467.jpg\" alt=\"\" class=\"wp-image-4348\" srcset=\"https:\/\/meremuuseum-test.krabu.tech\/lennusadam\/wp-content\/uploads\/sites\/4\/2024\/04\/J-murdja-Suur-T-ll-16-1024x683-1-700x467.jpg 700w, https:\/\/meremuuseum-test.krabu.tech\/lennusadam\/wp-content\/uploads\/sites\/4\/2024\/04\/J-murdja-Suur-T-ll-16-1024x683-1-250x167.jpg 250w, https:\/\/meremuuseum-test.krabu.tech\/lennusadam\/wp-content\/uploads\/sites\/4\/2024\/04\/J-murdja-Suur-T-ll-16-1024x683-1-768x512.jpg 768w, https:\/\/meremuuseum-test.krabu.tech\/lennusadam\/wp-content\/uploads\/sites\/4\/2024\/04\/J-murdja-Suur-T-ll-16-1024x683-1-120x80.jpg 120w, https:\/\/meremuuseum-test.krabu.tech\/lennusadam\/wp-content\/uploads\/sites\/4\/2024\/04\/J-murdja-Suur-T-ll-16-1024x683-1-480x320.jpg 480w, https:\/\/meremuuseum-test.krabu.tech\/lennusadam\/wp-content\/uploads\/sites\/4\/2024\/04\/J-murdja-Suur-T-ll-16-1024x683-1.jpg 1024w\" sizes=\"auto, (max-width: 700px) 100vw, 700px\" \/><\/a><\/figure>\n<\/figure>\n","protected":false},"excerpt":{"rendered":"H\u00f6yryj\u00e4\u00e4nmurtaja Suur T\u00f5ll seisoo Lentosataman laiturissa. T\u00e4m\u00e4 Viron vanhin ja arvokkain museolaiva on yksi kolmesta It\u00e4meren alueella s\u00e4ilyneest\u00e4 1900-luvun alun h\u00f6yryj\u00e4\u00e4nmurtajasta. Alus rakennettiin vuonna 1914 Saksassa, Vulcan Werke AG:n telakalla&#8230;","protected":false},"author":2,"featured_media":0,"parent":4271,"menu_order":6,"comment_status":"closed","ping_status":"closed","template":"","meta":{"_acf_changed":false,"_uag_custom_page_level_css":"","advgb_blocks_editor_width":"","advgb_blocks_columns_visual_guide":"","footnotes":""},"class_list":["post-4285","page","type-page","status-publish","hentry"],"acf":[],"yoast_head":"<!-- This site is optimized with the Yoast SEO plugin v26.6 - https:\/\/yoast.com\/wordpress\/plugins\/seo\/ -->\n<title>H\u00f6yryj\u00e4\u00e4nmurtaja Suur T\u00f5ll - Lennusadam<\/title>\n<meta name=\"robots\" content=\"index, follow, max-snippet:-1, max-image-preview:large, max-video-preview:-1\" \/>\n<link rel=\"canonical\" href=\"https:\/\/meremuuseum-test.krabu.tech\/lennusadam\/fi\/muuseum\/jaamurdja-suur-toll\/\" \/>\n<meta property=\"og:locale\" content=\"fi_FI\" \/>\n<meta property=\"og:type\" content=\"article\" \/>\n<meta property=\"og:title\" content=\"H\u00f6yryj\u00e4\u00e4nmurtaja Suur T\u00f5ll - Lennusadam\" \/>\n<meta property=\"og:description\" content=\"H\u00f6yryj\u00e4\u00e4nmurtaja Suur T\u00f5ll seisoo Lentosataman laiturissa. T\u00e4m\u00e4 Viron vanhin ja arvokkain museolaiva on yksi kolmesta It\u00e4meren alueella s\u00e4ilyneest\u00e4 1900-luvun alun h\u00f6yryj\u00e4\u00e4nmurtajasta. Alus rakennettiin vuonna 1914 Saksassa, Vulcan Werke AG:n telakalla...\" \/>\n<meta property=\"og:url\" content=\"https:\/\/meremuuseum-test.krabu.tech\/lennusadam\/fi\/muuseum\/jaamurdja-suur-toll\/\" \/>\n<meta property=\"og:site_name\" content=\"Lennusadam\" \/>\n<meta property=\"article:modified_time\" content=\"2024-04-10T21:57:26+00:00\" \/>\n<meta property=\"og:image\" content=\"https:\/\/meremuuseum-test.krabu.tech\/lennusadam\/wp-content\/uploads\/sites\/4\/2015\/07\/ST_ajatu_logo_web-480x480.png\" \/>\n<meta name=\"twitter:card\" content=\"summary_large_image\" \/>\n<meta name=\"twitter:label1\" content=\"Arvioitu lukuaika\" \/>\n\t<meta name=\"twitter:data1\" content=\"3 minuuttia\" \/>\n<script type=\"application\/ld+json\" class=\"yoast-schema-graph\">{\"@context\":\"https:\/\/schema.org\",\"@graph\":[{\"@type\":\"WebPage\",\"@id\":\"https:\/\/meremuuseum-test.krabu.tech\/lennusadam\/fi\/muuseum\/jaamurdja-suur-toll\/\",\"url\":\"https:\/\/meremuuseum-test.krabu.tech\/lennusadam\/fi\/muuseum\/jaamurdja-suur-toll\/\",\"name\":\"H\u00f6yryj\u00e4\u00e4nmurtaja Suur T\u00f5ll - Lennusadam\",\"isPartOf\":{\"@id\":\"https:\/\/meremuuseum-test.krabu.tech\/lennusadam\/#website\"},\"primaryImageOfPage\":{\"@id\":\"https:\/\/meremuuseum-test.krabu.tech\/lennusadam\/fi\/muuseum\/jaamurdja-suur-toll\/#primaryimage\"},\"image\":{\"@id\":\"https:\/\/meremuuseum-test.krabu.tech\/lennusadam\/fi\/muuseum\/jaamurdja-suur-toll\/#primaryimage\"},\"thumbnailUrl\":\"https:\/\/meremuuseum-test.krabu.tech\/lennusadam\/wp-content\/uploads\/sites\/4\/2015\/07\/ST_ajatu_logo_web-480x480.png\",\"datePublished\":\"2023-09-25T11:23:34+00:00\",\"dateModified\":\"2024-04-10T21:57:26+00:00\",\"breadcrumb\":{\"@id\":\"https:\/\/meremuuseum-test.krabu.tech\/lennusadam\/fi\/muuseum\/jaamurdja-suur-toll\/#breadcrumb\"},\"inLanguage\":\"fi\",\"potentialAction\":[{\"@type\":\"ReadAction\",\"target\":[\"https:\/\/meremuuseum-test.krabu.tech\/lennusadam\/fi\/muuseum\/jaamurdja-suur-toll\/\"]}]},{\"@type\":\"ImageObject\",\"inLanguage\":\"fi\",\"@id\":\"https:\/\/meremuuseum-test.krabu.tech\/lennusadam\/fi\/muuseum\/jaamurdja-suur-toll\/#primaryimage\",\"url\":\"https:\/\/meremuuseum-test.krabu.tech\/lennusadam\/wp-content\/uploads\/sites\/4\/2015\/07\/ST_ajatu_logo_web-480x480.png\",\"contentUrl\":\"https:\/\/meremuuseum-test.krabu.tech\/lennusadam\/wp-content\/uploads\/sites\/4\/2015\/07\/ST_ajatu_logo_web-480x480.png\"},{\"@type\":\"BreadcrumbList\",\"@id\":\"https:\/\/meremuuseum-test.krabu.tech\/lennusadam\/fi\/muuseum\/jaamurdja-suur-toll\/#breadcrumb\",\"itemListElement\":[{\"@type\":\"ListItem\",\"position\":1,\"name\":\"Home\",\"item\":\"https:\/\/meremuuseum-test.krabu.tech\/lennusadam\/fi\/\"},{\"@type\":\"ListItem\",\"position\":2,\"name\":\"N\u00e4itused\",\"item\":\"https:\/\/meremuuseum-test.krabu.tech\/lennusadam\/fi\/muuseum\/\"},{\"@type\":\"ListItem\",\"position\":3,\"name\":\"H\u00f6yryj\u00e4\u00e4nmurtaja Suur T\u00f5ll\"}]},{\"@type\":\"WebSite\",\"@id\":\"https:\/\/meremuuseum-test.krabu.tech\/lennusadam\/#website\",\"url\":\"https:\/\/meremuuseum-test.krabu.tech\/lennusadam\/\",\"name\":\"Lennusadam\",\"description\":\"\",\"potentialAction\":[{\"@type\":\"SearchAction\",\"target\":{\"@type\":\"EntryPoint\",\"urlTemplate\":\"https:\/\/meremuuseum-test.krabu.tech\/lennusadam\/?s={search_term_string}\"},\"query-input\":{\"@type\":\"PropertyValueSpecification\",\"valueRequired\":true,\"valueName\":\"search_term_string\"}}],\"inLanguage\":\"fi\"}]}<\/script>\n<!-- \/ Yoast SEO plugin. -->","yoast_head_json":{"title":"H\u00f6yryj\u00e4\u00e4nmurtaja Suur T\u00f5ll - Lennusadam","robots":{"index":"index","follow":"follow","max-snippet":"max-snippet:-1","max-image-preview":"max-image-preview:large","max-video-preview":"max-video-preview:-1"},"canonical":"https:\/\/meremuuseum-test.krabu.tech\/lennusadam\/fi\/muuseum\/jaamurdja-suur-toll\/","og_locale":"fi_FI","og_type":"article","og_title":"H\u00f6yryj\u00e4\u00e4nmurtaja Suur T\u00f5ll - Lennusadam","og_description":"H\u00f6yryj\u00e4\u00e4nmurtaja Suur T\u00f5ll seisoo Lentosataman laiturissa. T\u00e4m\u00e4 Viron vanhin ja arvokkain museolaiva on yksi kolmesta It\u00e4meren alueella s\u00e4ilyneest\u00e4 1900-luvun alun h\u00f6yryj\u00e4\u00e4nmurtajasta. Alus rakennettiin vuonna 1914 Saksassa, Vulcan Werke AG:n telakalla...","og_url":"https:\/\/meremuuseum-test.krabu.tech\/lennusadam\/fi\/muuseum\/jaamurdja-suur-toll\/","og_site_name":"Lennusadam","article_modified_time":"2024-04-10T21:57:26+00:00","og_image":[{"url":"https:\/\/meremuuseum-test.krabu.tech\/lennusadam\/wp-content\/uploads\/sites\/4\/2015\/07\/ST_ajatu_logo_web-480x480.png","type":"","width":"","height":""}],"twitter_card":"summary_large_image","twitter_misc":{"Arvioitu lukuaika":"3 minuuttia"},"schema":{"@context":"https:\/\/schema.org","@graph":[{"@type":"WebPage","@id":"https:\/\/meremuuseum-test.krabu.tech\/lennusadam\/fi\/muuseum\/jaamurdja-suur-toll\/","url":"https:\/\/meremuuseum-test.krabu.tech\/lennusadam\/fi\/muuseum\/jaamurdja-suur-toll\/","name":"H\u00f6yryj\u00e4\u00e4nmurtaja Suur T\u00f5ll - Lennusadam","isPartOf":{"@id":"https:\/\/meremuuseum-test.krabu.tech\/lennusadam\/#website"},"primaryImageOfPage":{"@id":"https:\/\/meremuuseum-test.krabu.tech\/lennusadam\/fi\/muuseum\/jaamurdja-suur-toll\/#primaryimage"},"image":{"@id":"https:\/\/meremuuseum-test.krabu.tech\/lennusadam\/fi\/muuseum\/jaamurdja-suur-toll\/#primaryimage"},"thumbnailUrl":"https:\/\/meremuuseum-test.krabu.tech\/lennusadam\/wp-content\/uploads\/sites\/4\/2015\/07\/ST_ajatu_logo_web-480x480.png","datePublished":"2023-09-25T11:23:34+00:00","dateModified":"2024-04-10T21:57:26+00:00","breadcrumb":{"@id":"https:\/\/meremuuseum-test.krabu.tech\/lennusadam\/fi\/muuseum\/jaamurdja-suur-toll\/#breadcrumb"},"inLanguage":"fi","potentialAction":[{"@type":"ReadAction","target":["https:\/\/meremuuseum-test.krabu.tech\/lennusadam\/fi\/muuseum\/jaamurdja-suur-toll\/"]}]},{"@type":"ImageObject","inLanguage":"fi","@id":"https:\/\/meremuuseum-test.krabu.tech\/lennusadam\/fi\/muuseum\/jaamurdja-suur-toll\/#primaryimage","url":"https:\/\/meremuuseum-test.krabu.tech\/lennusadam\/wp-content\/uploads\/sites\/4\/2015\/07\/ST_ajatu_logo_web-480x480.png","contentUrl":"https:\/\/meremuuseum-test.krabu.tech\/lennusadam\/wp-content\/uploads\/sites\/4\/2015\/07\/ST_ajatu_logo_web-480x480.png"},{"@type":"BreadcrumbList","@id":"https:\/\/meremuuseum-test.krabu.tech\/lennusadam\/fi\/muuseum\/jaamurdja-suur-toll\/#breadcrumb","itemListElement":[{"@type":"ListItem","position":1,"name":"Home","item":"https:\/\/meremuuseum-test.krabu.tech\/lennusadam\/fi\/"},{"@type":"ListItem","position":2,"name":"N\u00e4itused","item":"https:\/\/meremuuseum-test.krabu.tech\/lennusadam\/fi\/muuseum\/"},{"@type":"ListItem","position":3,"name":"H\u00f6yryj\u00e4\u00e4nmurtaja Suur T\u00f5ll"}]},{"@type":"WebSite","@id":"https:\/\/meremuuseum-test.krabu.tech\/lennusadam\/#website","url":"https:\/\/meremuuseum-test.krabu.tech\/lennusadam\/","name":"Lennusadam","description":"","potentialAction":[{"@type":"SearchAction","target":{"@type":"EntryPoint","urlTemplate":"https:\/\/meremuuseum-test.krabu.tech\/lennusadam\/?s={search_term_string}"},"query-input":{"@type":"PropertyValueSpecification","valueRequired":true,"valueName":"search_term_string"}}],"inLanguage":"fi"}]}},"uagb_featured_image_src":{"full":false,"thumbnail":false,"medium":false,"medium_large":false,"large":false,"1536x1536":false,"2048x2048":false,"small":false,"custom-size":false,"post-preview":false,"gform-image-choice-sm":false,"gform-image-choice-md":false,"gform-image-choice-lg":false},"uagb_author_info":{"display_name":"Reaktiiv Grupp","author_link":"https:\/\/meremuuseum-test.krabu.tech\/lennusadam\/fi\/author\/reaktiiv-pm\/"},"uagb_comment_info":0,"uagb_excerpt":"H\u00f6yryj\u00e4\u00e4nmurtaja Suur T\u00f5ll seisoo Lentosataman laiturissa. T\u00e4m\u00e4 Viron vanhin ja arvokkain museolaiva on yksi kolmesta It\u00e4meren alueella s\u00e4ilyneest\u00e4 1900-luvun alun h\u00f6yryj\u00e4\u00e4nmurtajasta. Alus rakennettiin vuonna 1914 Saksassa, Vulcan Werke AG:n telakalla...","coauthors":[],"author_meta":{"author_link":"https:\/\/meremuuseum-test.krabu.tech\/lennusadam\/fi\/author\/reaktiiv-pm\/","display_name":"Reaktiiv Grupp"},"relative_dates":{"created":"Posted 3 vuotta ago","modified":"Updated 2 vuotta ago"},"absolute_dates":{"created":"Posted on 25 syyskuun, 2023","modified":"Updated on 10 huhtikuun, 2024"},"absolute_dates_time":{"created":"Posted on 25 syyskuun, 2023 11:23 am","modified":"Updated on 10 huhtikuun, 2024 9:57 pm"},"featured_img_caption":"","featured_img":false,"series_order":"","_links":{"self":[{"href":"https:\/\/meremuuseum-test.krabu.tech\/lennusadam\/fi\/wp-json\/wp\/v2\/pages\/4285","targetHints":{"allow":["GET"]}}],"collection":[{"href":"https:\/\/meremuuseum-test.krabu.tech\/lennusadam\/fi\/wp-json\/wp\/v2\/pages"}],"about":[{"href":"https:\/\/meremuuseum-test.krabu.tech\/lennusadam\/fi\/wp-json\/wp\/v2\/types\/page"}],"author":[{"embeddable":true,"href":"https:\/\/meremuuseum-test.krabu.tech\/lennusadam\/fi\/wp-json\/wp\/v2\/users\/2"}],"replies":[{"embeddable":true,"href":"https:\/\/meremuuseum-test.krabu.tech\/lennusadam\/fi\/wp-json\/wp\/v2\/comments?post=4285"}],"version-history":[{"count":1,"href":"https:\/\/meremuuseum-test.krabu.tech\/lennusadam\/fi\/wp-json\/wp\/v2\/pages\/4285\/revisions"}],"predecessor-version":[{"id":4377,"href":"https:\/\/meremuuseum-test.krabu.tech\/lennusadam\/fi\/wp-json\/wp\/v2\/pages\/4285\/revisions\/4377"}],"up":[{"embeddable":true,"href":"https:\/\/meremuuseum-test.krabu.tech\/lennusadam\/fi\/wp-json\/wp\/v2\/pages\/4271"}],"wp:attachment":[{"href":"https:\/\/meremuuseum-test.krabu.tech\/lennusadam\/fi\/wp-json\/wp\/v2\/media?parent=4285"}],"curies":[{"name":"wp","href":"https:\/\/api.w.org\/{rel}","templated":true}]}}